{"id":3,"date":"2024-03-21T14:07:56","date_gmt":"2024-03-21T14:07:56","guid":{"rendered":"https:\/\/oneofus.eu\/?page_id=3"},"modified":"2024-05-30T16:04:55","modified_gmt":"2024-05-30T16:04:55","slug":"privacy-policy","status":"publish","type":"page","link":"https:\/\/oneofus.eu\/es\/privacy-policy\/","title":{"rendered":"Pol\u00edtica de privacidad"},"content":{"rendered":"<div data-elementor-type=\"wp-page\" data-elementor-id=\"3\" class=\"elementor elementor-3\" data-elementor-post-type=\"page\">\n\t\t\t\t<div class=\"elementor-element elementor-element-53d6e9dd hero e-flex e-con-boxed e-con e-parent\" data-id=\"53d6e9dd\" data-element_type=\"container\">\n\t\t\t\t\t<div class=\"e-con-inner\">\n\t\t\t\t<div class=\"elementor-element elementor-element-2ef439ca elementor-widget elementor-widget-text-editor\" data-id=\"2ef439ca\" data-element_type=\"widget\" data-widget_type=\"text-editor.default\">\n\t\t\t\t<div class=\"elementor-widget-container\">\n\t\t\t\t\t\t\t\t\t\n<h1 style=\"text-align: center;\"><span style=\"color: #000000;\"><b>Pol\u00edtica de protecci\u00f3n de datos<\/b><\/span><\/h1>\n<p>\u00a0<\/p>\n<p>\u00a0<\/p>\n<p><span style=\"font-weight: 400;\">La federaci\u00f3n One of Us se preocupa por la protecci\u00f3n de sus datos personales. Como responsable del tratamiento, se esfuerza por garantizar el m\u00e1ximo nivel de protecci\u00f3n y confidencialidad de los datos recogidos en el marco de su misi\u00f3n de defensa de la vida. La federaci\u00f3n One of Us se compromete a respetar el Reglamento General de Protecci\u00f3n de Datos (RGPD).<\/span><\/p>\n<p><span style=\"font-weight: 400;\">Los datos personales (o datos de car\u00e1cter personal) corresponden a toda informaci\u00f3n relativa directa o indirectamente a una persona identificada o identificable.\u00a0<\/span><\/p>\n<p><span style=\"font-weight: 400;\">Los datos personales se obtienen al conectarse a la p\u00e1gina One Of Us (<\/span><a href=\"https:\/\/oneofus.eu\/es\/\"><span style=\"font-weight: 400;\">https:\/\/oneofus.eu\/<\/span><\/a><span style=\"font-weight: 400;\">), durante nuestros encuentros, en el espacio p\u00fablico o cuando se comunique con nosotros. Esta informaci\u00f3n puede ser objeto de acuerdos escritos o inform\u00e1ticos.<\/span><\/p>\n<p><span style=\"font-weight: 400;\">A continuaci\u00f3n le informamos de c\u00f3mo tratamos estos datos. Esta p\u00e1gina se actualiza peri\u00f3dicamente.<\/span><\/p>\n<h4>\u00a0<\/h4>\n<h3><span style=\"color: #000000;\">\u00bfQUI\u00c9N ES RESPONSABLE DEL TRATAMIENTO DE LOS DATOS?<\/span><\/h3>\n<p>La federaci\u00f3n One of Us situada Avenue de l'Europe 33, 7330 SAINT-GHISLAIN, Belgique es responsable del tratamiento de los datos.<\/p>\n<h3><br \/><span style=\"color: #000000;\">\u00bfPOR QU\u00c9 LA FEDERACI\u00d3N ONE OF US NECESITA RECAUDAR SUS DONATIVOS?<\/span><\/h3>\n<ul>\n<li>Los datos que recopila la federaci\u00f3n One of Us son necesarios para que pueda responder a las siguientes finalidades : Llevar a cabo acciones de sensibilizaci\u00f3n para defender la vida y la dignidad humana en el seno de la Uni\u00f3n Europea.<br \/>l'Europe ;<\/li>\n<li>Intercambio con los \u00e9lus europeos, los profesionales de la salud y las asociaciones<br \/>europ\u00e9ennes sur les probl\u00e9matiques bio\u00e9thiques ;<\/li>\n<li>Realizaci\u00f3n de campa\u00f1as de comunicaci\u00f3n sobre bio\u00e9tica ;<\/li>\n<li>Elaborar estad\u00edsticas. La federaci\u00f3n One of Us no procesa ning\u00fan donativo con fines incompatibles con aquellos para los que fue creado.<br \/>elles ont \u00e9t\u00e9 collect\u00e9es, sauf accord pr\u00e9alable votre part.<\/li>\n<\/ul>\n<h3><br \/><span style=\"color: #000000;\">\u00bfEN QU\u00c9 FUNDAMENTO JUR\u00cdDICO SE BASAN SUS DONACIONES?<\/span><\/h3>\n<p><br \/>El fundamento jur\u00eddico que permite la recopilaci\u00f3n y el tratamiento de sus datos se basa en el inter\u00e9s leg\u00edtimo de la federaci\u00f3n One of Us y, m\u00e1s concretamente, es un inter\u00e9s de defensa de la vida y la integridad de las personas.<br \/>dignit\u00e9 humaine au sein de l'Europe.<\/p>\n<h3><br \/><span style=\"color: #000000;\">\u00bfQU\u00c9 DATOS RECOPILA LA FUNDACI\u00d3N ON OF US?<\/span><\/h3>\n<p><br \/>Los datos recogidos por la federaci\u00f3n One of Us son los siguientes :<\/p>\n<ul>\n<li>Donn\u00e9es relatives aux membres et adh\u00e9rents ou partenaire de la One of us :\n<ul>\n<li>Donn\u00e9es relatives \u00e0 l'\u00e9tat civil<\/li>\n<li>Coordonn\u00e9es<\/li>\n<li>Donn\u00e9es relatives aux B\u00e9n\u00e9voles :<br \/>- Donn\u00e9es relatives \u00e0 l'\u00e9tat civil<br \/>- Coordonn\u00e9es<\/li>\n<li>Donn\u00e9es relatives aux \u00e9lus et assistants parlementaires europ\u00e9ens :<br \/>- Donn\u00e9es relatives \u00e0 l'\u00e9tat civil<br \/>- Coordonn\u00e9es<br \/>- Grupo pol\u00edtico<\/li>\n<li>Informaci\u00f3n sobre convicciones religiosas o filos\u00f3ficas<br \/>Informaci\u00f3n sobre los miembros de la red pro-vie en Europa<\/li>\n<li>Donn\u00e9es relatives \u00e0 l'\u00e9tat civil<br \/>- Coordonn\u00e9es<\/li>\n<\/ul>\n<\/li>\n<\/ul>\n<p>\u00a0<\/p>\n<h3><span style=\"color: #000000;\">\u00bfDE D\u00d3NDE PROCEDEN LAS DONACIONES RECIBIDAS?<\/span><\/h3>\n<p><br \/>Los datos se recogen principalmente en el espacio p\u00fablico. Los dem\u00e1s datos tratados por la<br \/>f\u00e9d\u00e9ration One of Us son celles que vous nous communiqu\u00e9es lors de nos \u00e9changes ou de nos<br \/>rencontres.<\/p>\n<p>\u00a0<\/p>\n<h3><span style=\"color: #000000;\">\u00bfCU\u00c1NTO TIEMPO SE CONSERVAN LOS DATOS?<\/span><\/h3>\n<p><br \/>Los datos son conservados por la federaci\u00f3n One of Us mientras dure la relaci\u00f3n con las personas<br \/>concern\u00e9es, major\u00e9 d'une dur\u00e9e de 5 ans. Les donn\u00e9es sont mises \u00e0 jour tous les 6 ans.<\/p>\n<h3><br \/><span style=\"color: #000000;\">\u00bfC\u00d3MO TRATA LOS DATOS LA FEDERACI\u00d3N ONE OF US?<\/span><\/h3>\n<p><br \/>La federaci\u00f3n One of Us pone en marcha todas las medidas t\u00e9cnicas, f\u00edsicas y organizativas para garantizar la seguridad y confidencialidad de sus datos durante la recopilaci\u00f3n, el tratamiento y el intercambio de los mismos frente a los riesgos de acceso il\u00edcito, modificaci\u00f3n no autorizada y robo.<br \/>d\u00e9sir\u00e9e ou de disparition de vos donn\u00e9es.<br \/>Las infraestructuras de la federaci\u00f3n One of Us est\u00e1n protegidas contra software malicioso. El acceso f\u00edsico y a distancia a los servidores que almacenan datos est\u00e1 controlado. La seguridad de su terminal, a partir del cual se conecta al sitio One of Us, depende de su responsabilidad.  En el caso de que la federaci\u00f3n On of Us pudiera recurrir a los proveedores para tratar parte de sus datos, se compromete a comprobar que cuentan con garant\u00edas suficientes para asegurar la protecci\u00f3n de los datos personales que le han sido confiados de conformidad con las exigencias en materia de protecci\u00f3n de datos. En caso de violaci\u00f3n de datos personales, es decir, en caso de incidente de seguridad, de origen maligno o no y producido de forma intencionada o no, que tenga como consecuencia comprometer la integridad, la confidencialidad o la disponibilidad de sus datos personales, la federaci\u00f3n On of Us se compromete a respetar sus obligaciones de conformidad con la normativa vigente en materia de protecci\u00f3n de datos personales y de ciberseguridad. Los profesionales de la federaci\u00f3n One of Us son conscientes de la confidencialidad de los datos que manejan a trav\u00e9s de campa\u00f1as de informaci\u00f3n peri\u00f3dicas.<\/p>\n<h3><br \/><span style=\"color: #000000;\">\u00bfCU\u00c1LES SON LOS DERECHOS DEL PACIENTE Y C\u00d3MO EJERCERLOS?<\/span><\/h3>\n<p><br \/><span style=\"color: #000000;\"><strong>Derecho de acceso a sus datos.<\/strong><\/span><\/p>\n<p>Usted puede obtener de la federaci\u00f3n One of Us la confirmaci\u00f3n de que sus datos son o no son tratados y, en caso afirmativo, el acceso al conjunto de datos e informaciones almacenados por dicha federaci\u00f3n. Derecho de rectificaci\u00f3n de sus datos<\/p>\n<p>Puedes solicitar a la federaci\u00f3n One of Us, en los mejores plazos, la rectificaci\u00f3n de tus datos que sean inexactos o err\u00f3neos. Tambi\u00e9n puede solicitar que se completen sus datos, seg\u00fan proceda.<\/p>\n<p><span style=\"color: #000000;\"><strong>Derecho a la eliminaci\u00f3n de sus datos<\/strong><\/span><\/p>\n<p>Sin perjuicio de las obligaciones legales aplicables, usted podr\u00e1 solicitar a la Federaci\u00f3n One of Us el tratamiento de sus datos, si considera que dicho tratamiento no es necesario para los fines para los que fueron recogidos.<\/p>\n<p><span style=\"color: #000000;\"><strong>Derecho de oposici\u00f3n al tratamiento de sus datos.<\/strong><\/span><\/p>\n<p>Puede oponerse al tratamiento de los datos que le conciernen. Tambi\u00e9n puede<br \/>avant les raisons tenant \u00e0 votre situation particuli\u00e8re.\u00a0<\/p>\n<p><span style=\"color: #000000;\"><strong>Derecho a la limitaci\u00f3n del tratamiento de sus datos.<\/strong><\/span><\/p>\n<ul>\n<li>Puede solicitar a la federaci\u00f3n One of Us el permiso temporal para utilizar algunos de sus datos en uno de los siguientes casos:<br \/>Usted cuestiona la exactitud de los datos utilizados por la federaci\u00f3n One of Us<\/li>\n<li>Usted se opone a que sus datos sean tratados,<\/li>\n<li>En cas d'usage illicite mais vous vous opposez \u00e0 leur effacement,<\/li>\n<li>Necesitas constatar, ejercer o defender tus derechos ante la justicia.<\/li>\n<\/ul>\n<p>\u00a0<\/p>\n<p><span style=\"color: #000000;\"><strong>Droit d'introduire une r\u00e9clamation aupr\u00e8s de l'autorit\u00e9 de contr\u00f4le.<\/strong><\/span><\/p>\n<p>Si considera que no se respetan sus derechos o que la protecci\u00f3n de sus datos no est\u00e1 garantizada de conformidad con el RGPD, puede presentar en cualquier momento una reclamaci\u00f3n ante una autoridad de control competente. La lista de autoridades de control se encuentra en la p\u00e1gina web del Control Europeo de Protecci\u00f3n de Datos: https:\/\/edpb.europa.eu\/about-edpb\/about-<br \/>edpb\/members_es.<\/p>\n<p><span style=\"color: #000000;\"><strong>El ejercicio de los derechos<\/strong><\/span><\/p>\n<p>Para ejercer sus derechos, le rogamos que dirija su solicitud a: treasure@oneofus.eu.<\/p>\n<p>Toda demanda deber\u00e1 indicar, en su objeto, el motivo de la demanda (ejercicio del derecho de acceso, de oposici\u00f3n, etc.). La demanda tambi\u00e9n debe ir acompa\u00f1ada de un justificante de identidad y de la direcci\u00f3n a la que debe enviarse la respuesta.<\/p>\n<p>La federaci\u00f3n One of Us le enviar\u00e1 su respuesta en un plazo m\u00e1ximo de un (1) mes, a contar desde la fecha de recepci\u00f3n de su solicitud. Sin embargo, este plazo puede prolongarse dos (2) meses debido a la complejidad y al n\u00famero de solicitudes.<\/p>\n<p>De manera general, para cualquier pregunta relativa a la presente pol\u00edtica de protecci\u00f3n de datos o para cualquier solicitud relativa a la gesti\u00f3n de sus datos personales por parte de la federaci\u00f3n One of Us, puede dirigir su solicitud por correo electr\u00f3nico o por correo postal, tal y como se indica a continuaci\u00f3n.<\/p>\n<h3><br \/><span style=\"color: #000000;\">\u00bfA QUI\u00c9N SE ENV\u00cdAN SUS DATOS?<\/span><\/h3>\n<p>La federaci\u00f3n One of Us puede enviar tus datos a los siguientes destinatarios:<\/p>\n<ul>\n<li>Los servicios de prensa, comunicaci\u00f3n y direcci\u00f3n general de las asociaciones de la Federaci\u00f3n<br \/>Uno de los nuestros ;<\/li>\n<li>Agencias de comunicaci\u00f3n ;<\/li>\n<li>Agencias de producci\u00f3n.<\/li>\n<\/ul>\n<h3>\u00a0<\/h3>\n<h3><span style=\"color: #000000;\">\u00bfSE TRANSFIEREN SUS DATOS FUERA DE LA UNI\u00d3N EUROPEA?<\/span><\/h3>\n<p>Sus datos se almacenan en servidores seguros en Francia.  Para m\u00e1s informaci\u00f3n<br \/>En la mayor\u00eda de los casos, los datos se almacenan en el Espacio Econ\u00f3mico Europeo.<br \/>(AEE). No obstante, algunos datos tratados por nuestros suscriptores pueden transferirse fuera de la Uni\u00f3n Europea debido a su presencia a nivel internacional de conformidad con su pol\u00edtica de confidencialidad. La federaci\u00f3n One of Us presta especial atenci\u00f3n a que estos organismos traten los datos respetando estrictamente la normativa vigente en materia de protecci\u00f3n de datos personales. En caso de que estos \u00faltimos se encuentren en un pa\u00eds que no sea objeto de una decisi\u00f3n de adaptaci\u00f3n de la Comisi\u00f3n Europea, se reconocer\u00e1 un nivel de protecci\u00f3n equivalente al previsto por la Uni\u00f3n Europea, un contrat-type sera r\u00e9dig\u00e9 afin de se conformer au mod\u00e8le \u00e9tabli et approuv\u00e9 par la Commission Europ\u00e9enne (Clauses Contractuelle Types) accompagn\u00e9 de mesures s\u00e9curitaires compl\u00e9mentaires. En este caso, podr\u00e1 acceder a los documentos que autorizan la transferencia.<\/p>\n\t\t\t\t\t\t\t\t<\/div>\n\t\t\t\t<\/div>\n\t\t\t\t\t<\/div>\n\t\t\t\t<\/div>\n\t\t\t\t<\/div>","protected":false},"excerpt":{"rendered":"<p>Pol\u00edtica de protecci\u00f3n de datos La federaci\u00f3n One of Us se preocupa por la protecci\u00f3n de sus datos personales. Como responsable del tratamiento, se esfuerza por garantizar el m\u00e1ximo nivel de protecci\u00f3n y confidencialidad de los datos recogidos en el marco de su misi\u00f3n de defensa de la vida. La [...]<\/p>","protected":false},"author":1,"featured_media":3911,"parent":0,"menu_order":0,"comment_status":"closed","ping_status":"open","template":"","meta":{"_acf_changed":false,"inline_featured_image":false,"footnotes":""},"class_list":["post-3","page","type-page","status-publish","has-post-thumbnail","hentry"],"acf":[],"yoast_head":"<!-- This site is optimized with the Yoast SEO plugin v25.3 - https:\/\/yoast.com\/wordpress\/plugins\/seo\/ -->\n<title>Privacy Policy - One of Us<\/title>\n<meta name=\"robots\" content=\"index, follow, max-snippet:-1, max-image-preview:large, max-video-preview:-1\" \/>\n<link rel=\"canonical\" href=\"https:\/\/oneofus.eu\/es\/privacy-policy\/\" \/>\n<meta property=\"og:locale\" content=\"es_ES\" \/>\n<meta property=\"og:type\" content=\"article\" \/>\n<meta property=\"og:title\" content=\"Privacy Policy - One of Us\" \/>\n<meta property=\"og:description\" content=\"Politique de protection des donn\u00e9es \u00a0 \u00a0 La f\u00e9d\u00e9ration One of Us est soucieuse de la protection de vos donn\u00e9es personnelles. En tant que responsable de traitement, elle veille \u00e0 assurer le meilleur niveau de protection et de confidentialit\u00e9 de ces donn\u00e9es collect\u00e9es dans le cadre de sa mission de d\u00e9fense de la vie. La [&hellip;]\" \/>\n<meta property=\"og:url\" content=\"https:\/\/oneofus.eu\/es\/privacy-policy\/\" \/>\n<meta property=\"og:site_name\" content=\"One of Us\" \/>\n<meta property=\"article:modified_time\" content=\"2024-05-30T16:04:55+00:00\" \/>\n<meta property=\"og:image\" content=\"https:\/\/oneofus.eu\/wp-content\/uploads\/2024\/05\/Thumb.jpg\" \/>\n\t<meta property=\"og:image:width\" content=\"1200\" \/>\n\t<meta property=\"og:image:height\" content=\"675\" \/>\n\t<meta property=\"og:image:type\" content=\"image\/jpeg\" \/>\n<meta name=\"twitter:card\" content=\"summary_large_image\" \/>\n<meta name=\"twitter:label1\" content=\"Tiempo de lectura\" \/>\n\t<meta name=\"twitter:data1\" content=\"8 minutos\" \/>\n<script type=\"application\/ld+json\" class=\"yoast-schema-graph\">{\"@context\":\"https:\/\/schema.org\",\"@graph\":[{\"@type\":\"WebPage\",\"@id\":\"https:\/\/oneofus.eu\/privacy-policy\/\",\"url\":\"https:\/\/oneofus.eu\/privacy-policy\/\",\"name\":\"Privacy Policy - One of Us\",\"isPartOf\":{\"@id\":\"https:\/\/oneofus.eu\/#website\"},\"primaryImageOfPage\":{\"@id\":\"https:\/\/oneofus.eu\/privacy-policy\/#primaryimage\"},\"image\":{\"@id\":\"https:\/\/oneofus.eu\/privacy-policy\/#primaryimage\"},\"thumbnailUrl\":\"https:\/\/oneofus.eu\/wp-content\/uploads\/2024\/05\/Thumb.jpg\",\"datePublished\":\"2024-03-21T14:07:56+00:00\",\"dateModified\":\"2024-05-30T16:04:55+00:00\",\"inLanguage\":\"es\",\"potentialAction\":[{\"@type\":\"ReadAction\",\"target\":[\"https:\/\/oneofus.eu\/privacy-policy\/\"]}]},{\"@type\":\"ImageObject\",\"inLanguage\":\"es\",\"@id\":\"https:\/\/oneofus.eu\/privacy-policy\/#primaryimage\",\"url\":\"https:\/\/oneofus.eu\/wp-content\/uploads\/2024\/05\/Thumb.jpg\",\"contentUrl\":\"https:\/\/oneofus.eu\/wp-content\/uploads\/2024\/05\/Thumb.jpg\",\"width\":1200,\"height\":675},{\"@type\":\"WebSite\",\"@id\":\"https:\/\/oneofus.eu\/#website\",\"url\":\"https:\/\/oneofus.eu\/\",\"name\":\"One of Us\",\"description\":\"\",\"publisher\":{\"@id\":\"https:\/\/oneofus.eu\/#organization\"},\"potentialAction\":[{\"@type\":\"SearchAction\",\"target\":{\"@type\":\"EntryPoint\",\"urlTemplate\":\"https:\/\/oneofus.eu\/?s={search_term_string}\"},\"query-input\":{\"@type\":\"PropertyValueSpecification\",\"valueRequired\":true,\"valueName\":\"search_term_string\"}}],\"inLanguage\":\"es\"},{\"@type\":\"Organization\",\"@id\":\"https:\/\/oneofus.eu\/#organization\",\"name\":\"One of Us\",\"url\":\"https:\/\/oneofus.eu\/\",\"logo\":{\"@type\":\"ImageObject\",\"inLanguage\":\"es\",\"@id\":\"https:\/\/oneofus.eu\/#\/schema\/logo\/image\/\",\"url\":\"https:\/\/oneofus.eu\/wp-content\/uploads\/2024\/03\/logo-oou-violet-1.png\",\"contentUrl\":\"https:\/\/oneofus.eu\/wp-content\/uploads\/2024\/03\/logo-oou-violet-1.png\",\"width\":700,\"height\":306,\"caption\":\"One of Us\"},\"image\":{\"@id\":\"https:\/\/oneofus.eu\/#\/schema\/logo\/image\/\"}}]}<\/script>\n<!-- \/ Yoast SEO plugin. -->","yoast_head_json":{"title":"Privacy Policy - One of Us","robots":{"index":"index","follow":"follow","max-snippet":"max-snippet:-1","max-image-preview":"max-image-preview:large","max-video-preview":"max-video-preview:-1"},"canonical":"https:\/\/oneofus.eu\/es\/privacy-policy\/","og_locale":"es_ES","og_type":"article","og_title":"Privacy Policy - One of Us","og_description":"Politique de protection des donn\u00e9es \u00a0 \u00a0 La f\u00e9d\u00e9ration One of Us est soucieuse de la protection de vos donn\u00e9es personnelles. En tant que responsable de traitement, elle veille \u00e0 assurer le meilleur niveau de protection et de confidentialit\u00e9 de ces donn\u00e9es collect\u00e9es dans le cadre de sa mission de d\u00e9fense de la vie. La [&hellip;]","og_url":"https:\/\/oneofus.eu\/es\/privacy-policy\/","og_site_name":"One of Us","article_modified_time":"2024-05-30T16:04:55+00:00","og_image":[{"width":1200,"height":675,"url":"https:\/\/oneofus.eu\/wp-content\/uploads\/2024\/05\/Thumb.jpg","type":"image\/jpeg"}],"twitter_card":"summary_large_image","twitter_misc":{"Tiempo de lectura":"8 minutos"},"schema":{"@context":"https:\/\/schema.org","@graph":[{"@type":"WebPage","@id":"https:\/\/oneofus.eu\/privacy-policy\/","url":"https:\/\/oneofus.eu\/privacy-policy\/","name":"Privacy Policy - One of Us","isPartOf":{"@id":"https:\/\/oneofus.eu\/#website"},"primaryImageOfPage":{"@id":"https:\/\/oneofus.eu\/privacy-policy\/#primaryimage"},"image":{"@id":"https:\/\/oneofus.eu\/privacy-policy\/#primaryimage"},"thumbnailUrl":"https:\/\/oneofus.eu\/wp-content\/uploads\/2024\/05\/Thumb.jpg","datePublished":"2024-03-21T14:07:56+00:00","dateModified":"2024-05-30T16:04:55+00:00","inLanguage":"es","potentialAction":[{"@type":"ReadAction","target":["https:\/\/oneofus.eu\/privacy-policy\/"]}]},{"@type":"ImageObject","inLanguage":"es","@id":"https:\/\/oneofus.eu\/privacy-policy\/#primaryimage","url":"https:\/\/oneofus.eu\/wp-content\/uploads\/2024\/05\/Thumb.jpg","contentUrl":"https:\/\/oneofus.eu\/wp-content\/uploads\/2024\/05\/Thumb.jpg","width":1200,"height":675},{"@type":"WebSite","@id":"https:\/\/oneofus.eu\/#website","url":"https:\/\/oneofus.eu\/","name":"One of Us","description":"","publisher":{"@id":"https:\/\/oneofus.eu\/#organization"},"potentialAction":[{"@type":"SearchAction","target":{"@type":"EntryPoint","urlTemplate":"https:\/\/oneofus.eu\/?s={search_term_string}"},"query-input":{"@type":"PropertyValueSpecification","valueRequired":true,"valueName":"search_term_string"}}],"inLanguage":"es"},{"@type":"Organization","@id":"https:\/\/oneofus.eu\/#organization","name":"One of Us","url":"https:\/\/oneofus.eu\/","logo":{"@type":"ImageObject","inLanguage":"es","@id":"https:\/\/oneofus.eu\/#\/schema\/logo\/image\/","url":"https:\/\/oneofus.eu\/wp-content\/uploads\/2024\/03\/logo-oou-violet-1.png","contentUrl":"https:\/\/oneofus.eu\/wp-content\/uploads\/2024\/03\/logo-oou-violet-1.png","width":700,"height":306,"caption":"One of Us"},"image":{"@id":"https:\/\/oneofus.eu\/#\/schema\/logo\/image\/"}}]}},"_links":{"self":[{"href":"https:\/\/oneofus.eu\/es\/wp-json\/wp\/v2\/pages\/3","targetHints":{"allow":["GET"]}}],"collection":[{"href":"https:\/\/oneofus.eu\/es\/wp-json\/wp\/v2\/pages"}],"about":[{"href":"https:\/\/oneofus.eu\/es\/wp-json\/wp\/v2\/types\/page"}],"author":[{"embeddable":true,"href":"https:\/\/oneofus.eu\/es\/wp-json\/wp\/v2\/users\/1"}],"replies":[{"embeddable":true,"href":"https:\/\/oneofus.eu\/es\/wp-json\/wp\/v2\/comments?post=3"}],"version-history":[{"count":24,"href":"https:\/\/oneofus.eu\/es\/wp-json\/wp\/v2\/pages\/3\/revisions"}],"predecessor-version":[{"id":3897,"href":"https:\/\/oneofus.eu\/es\/wp-json\/wp\/v2\/pages\/3\/revisions\/3897"}],"wp:featuredmedia":[{"embeddable":true,"href":"https:\/\/oneofus.eu\/es\/wp-json\/wp\/v2\/media\/3911"}],"wp:attachment":[{"href":"https:\/\/oneofus.eu\/es\/wp-json\/wp\/v2\/media?parent=3"}],"curies":[{"name":"wp","href":"https:\/\/api.w.org\/{rel}","templated":true}]}}